{"id":1290,"date":"2024-01-05T17:49:06","date_gmt":"2024-01-05T17:49:06","guid":{"rendered":"https:\/\/mybestbox.shop\/?post_type=product&#038;p=1290"},"modified":"2026-04-14T00:40:58","modified_gmt":"2026-04-14T00:40:58","slug":"hk1-rbox-android-10-0-4k","status":"publish","type":"product","link":"https:\/\/mybestbox.shop\/index.php\/product\/hk1-rbox-android-10-0-4k\/","title":{"rendered":"HK1 RBOX ANDROID 10.0 4K"},"content":{"rendered":"<header class=\"-pvs -bb\">\n<h2 class=\"-fs20 -m -phm -pvxs\">D\u00e9tails<\/h2>\n<\/header>\n<div class=\"markup -mhm -pvl -oxa -sc\">Cette smart tv box est livr\u00e9e avec la puce RK3318, le processeur Cortex-A53 LA Quad-Core 64 bits LA, est une puce am\u00e9lior\u00e9e;<br \/>\nLe dernier chipset RK3318 est parfait pour la solution vid\u00e9o 4K avec son processeur graphique haute r\u00e9solution HD, avec le dernier syst\u00e8me Android 10.0 plus de compatibilit\u00e9 et plus rapide.Livr\u00e9 avec une configuration rapide, stable et hautement personnalis\u00e9e; 4 Go permettra une vitesse de fonctionnement plus rapide, plus 128 Go de m\u00e9moire. Compatible avec les logiciels, pour les jeux et les applications, ce bo\u00eetier intelligent est livr\u00e9 avec le Wi-Fi de 2,4 GHz et 5 GHz, prend en charge le LAN Ethernet 10 \/ 100M. Le signal Wi-Fi est plus stable et la vitesse de transmission est plus rapide.Dot\u00e9 de la technologie Bluetooth 4.0, il se connecte facilement tous les p\u00e9riph\u00e9riques externes, tels que les t\u00e9l\u00e9phones portables, les consoles de jeu et les souris, ce qui rend la vie plus confortable.<b>Achetez la TV BOX HK1 R-Box sur notre site Jumia Alg\u00e9rie et recevez la chez vous dans les plus brefs d\u00e9lais.<\/b><\/p>\n<\/div>\n","protected":false},"excerpt":{"rendered":"<p>D\u00e9tails Cette smart tv box est livr\u00e9e avec la puce RK3318, le processeur Cortex-A53 LA Quad-Core 64 bits LA, est une puce am\u00e9lior\u00e9e; Le dernier chipset RK3318 est parfait pour la solution vid\u00e9o 4K avec son processeur graphique haute r\u00e9solution HD, avec le dernier syst\u00e8me Android 10.0 plus de compatibilit\u00e9 et plus rapide.Livr\u00e9 avec une [&hellip;]<\/p>\n","protected":false},"featured_media":1291,"comment_status":"open","ping_status":"closed","template":"","meta":[],"product_cat":[29],"product_tag":[],"jetpack_sharing_enabled":true,"_links":{"self":[{"href":"https:\/\/mybestbox.shop\/index.php\/wp-json\/wp\/v2\/product\/1290"}],"collection":[{"href":"https:\/\/mybestbox.shop\/index.php\/wp-json\/wp\/v2\/product"}],"about":[{"href":"https:\/\/mybestbox.shop\/index.php\/wp-json\/wp\/v2\/types\/product"}],"replies":[{"embeddable":true,"href":"https:\/\/mybestbox.shop\/index.php\/wp-json\/wp\/v2\/comments?post=1290"}],"wp:featuredmedia":[{"embeddable":true,"href":"https:\/\/mybestbox.shop\/index.php\/wp-json\/wp\/v2\/media\/1291"}],"wp:attachment":[{"href":"https:\/\/mybestbox.shop\/index.php\/wp-json\/wp\/v2\/media?parent=1290"}],"wp:term":[{"taxonomy":"product_cat","embeddable":true,"href":"https:\/\/mybestbox.shop\/index.php\/wp-json\/wp\/v2\/product_cat?post=1290"},{"taxonomy":"product_tag","embeddable":true,"href":"https:\/\/mybestbox.shop\/index.php\/wp-json\/wp\/v2\/product_tag?post=1290"}],"curies":[{"name":"wp","href":"https:\/\/api.w.org\/{rel}","templated":true}]}}