{"id":1288,"date":"2024-01-05T17:47:48","date_gmt":"2024-01-05T17:47:48","guid":{"rendered":"https:\/\/mybestbox.shop\/?post_type=product&#038;p=1288"},"modified":"2026-04-14T15:05:11","modified_gmt":"2026-04-14T15:05:11","slug":"x1-android-10-0-6k","status":"publish","type":"product","link":"https:\/\/mybestbox.shop\/index.php\/product\/x1-android-10-0-6k\/","title":{"rendered":"X1 ANDROID 10.0 6K"},"content":{"rendered":"<p><b>X1 5G WIFI TV Box 4GB\/32GB Android 10.0\u00a0<\/b><\/p>\n<p>La X1 5G TV Box est un nouvel appareil int\u00e9gr\u00e9 au capot, livr\u00e9 avec le dernier chipset\u00a0Allwinner H616. La mini-bo\u00eete de t\u00e9l\u00e9vision Android est une bo\u00eete de t\u00e9l\u00e9vision intelligente qui offre une exp\u00e9rience de divertissement meilleure et plus heureuse pour vous permettre de rester avec votre famille et vos amis. Vous pouvez \u00e9galement le transporter n&#8217;importe o\u00f9 pour continuer votre merveilleux temps de loisirs gr\u00e2ce \u00e0 la taille mini portable.<\/p>\n<p>La X1 5G TV Box comprend un nouveau processeur\u00a0Allwinner H616\u00a0avec un processeur ARM Cortex-A53 quadric\u0153ur et un processeur graphique ARM Mali-G31 mp2 capable de traiter des vid\u00e9os avec des r\u00e9solutions allant jusqu&#8217;\u00e0 4K\/6K \u00e0 60 images par seconde.<\/p>\n<p>X1 5G Android tv box est livr\u00e9 avec Android 10.0 OS, qui s&#8217;assure que la bo\u00eete fonctionne stable et lisse pour charger des films, des images et des jeux sans m\u00e9moire tampon, pas besoin d&#8217;attendre un moment merveilleux. Android 10.0 \u00e9l\u00e8ve la barre en termes de performances et de convivialit\u00e9 gr\u00e2ce \u00e0 une interface lisse, sans d\u00e9calage, plus stable.<\/p>\n<p>X1 5G prend en charge le d\u00e9codage et la lecture de presque tous les formats audio et vid\u00e9o courants, vous permettant ainsi de profiter de la vid\u00e9o HD 4K\/6K ultime. Vous pouvez \u00e9galement jouer \u00e0 des milliers de jeux Android sur un grand \u00e9cran 4k\/6K et profiter d&#8217;une exp\u00e9rience de qualit\u00e9 sup\u00e9rieure.<\/p>\n","protected":false},"excerpt":{"rendered":"<p>X1 5G WIFI TV Box 4GB\/32GB Android 10.0\u00a0 La X1 5G TV Box est un nouvel appareil int\u00e9gr\u00e9 au capot, livr\u00e9 avec le dernier chipset\u00a0Allwinner H616. La mini-bo\u00eete de t\u00e9l\u00e9vision Android est une bo\u00eete de t\u00e9l\u00e9vision intelligente qui offre une exp\u00e9rience de divertissement meilleure et plus heureuse pour vous permettre de rester avec votre famille [&hellip;]<\/p>\n","protected":false},"featured_media":1289,"comment_status":"open","ping_status":"closed","template":"","meta":[],"product_cat":[29],"product_tag":[],"jetpack_sharing_enabled":true,"_links":{"self":[{"href":"https:\/\/mybestbox.shop\/index.php\/wp-json\/wp\/v2\/product\/1288"}],"collection":[{"href":"https:\/\/mybestbox.shop\/index.php\/wp-json\/wp\/v2\/product"}],"about":[{"href":"https:\/\/mybestbox.shop\/index.php\/wp-json\/wp\/v2\/types\/product"}],"replies":[{"embeddable":true,"href":"https:\/\/mybestbox.shop\/index.php\/wp-json\/wp\/v2\/comments?post=1288"}],"wp:featuredmedia":[{"embeddable":true,"href":"https:\/\/mybestbox.shop\/index.php\/wp-json\/wp\/v2\/media\/1289"}],"wp:attachment":[{"href":"https:\/\/mybestbox.shop\/index.php\/wp-json\/wp\/v2\/media?parent=1288"}],"wp:term":[{"taxonomy":"product_cat","embeddable":true,"href":"https:\/\/mybestbox.shop\/index.php\/wp-json\/wp\/v2\/product_cat?post=1288"},{"taxonomy":"product_tag","embeddable":true,"href":"https:\/\/mybestbox.shop\/index.php\/wp-json\/wp\/v2\/product_tag?post=1288"}],"curies":[{"name":"wp","href":"https:\/\/api.w.org\/{rel}","templated":true}]}}