{"id":1169,"date":"2023-10-31T15:16:03","date_gmt":"2023-10-31T15:16:03","guid":{"rendered":"https:\/\/mybestbox.shop\/?page_id=1169"},"modified":"2023-10-31T15:16:03","modified_gmt":"2023-10-31T15:16:03","slug":"politique-de-retour","status":"publish","type":"page","link":"https:\/\/mybestbox.shop\/index.php\/politique-de-retour\/","title":{"rendered":"politique de retour"},"content":{"rendered":"\n<p>RETOURS<\/p>\n\n\n\n<hr class=\"wp-block-separator has-alpha-channel-opacity\"\/>\n\n\n\n<p>Notre politique dure 30&nbsp;jours. Si plus de 30&nbsp;jours se sont \u00e9coul\u00e9s depuis votre achat, nous ne pouvons malheureusement offrir ni remboursement ni \u00e9change.<\/p>\n\n\n\n<p>Pour pouvoir \u00eatre retourn\u00e9, votre article doit \u00eatre inutilis\u00e9 et dans l&#8217;\u00e9tat o\u00f9 vous l&#8217;avez re\u00e7u. Il doit aussi \u00eatre dans son emballage d&#8217;origine.<\/p>\n\n\n\n<p>Le retour de certains types de marchandises n&#8217;est pas autoris\u00e9. Ainsi, les denr\u00e9es p\u00e9rissables, telles que les aliments, les fleurs, les journaux ou les magazines, ne peuvent pas \u00eatre retourn\u00e9es. De m\u00eame, nous n&#8217;acceptons pas les produits intimes ou sanitaires, les mati\u00e8res ou substances dangereuses, ni les liquides ou les gaz inflammables.<\/p>\n\n\n\n<p>Autres articles dont le retour n&#8217;est pas autoris\u00e9&nbsp;:<br>*&nbsp;Cartes-cadeaux<br>*&nbsp;Logiciels t\u00e9l\u00e9chargeables<br>*&nbsp;Certains produits de sant\u00e9 et de soin personnel<\/p>\n\n\n\n<p>Pour compl\u00e9ter votre retour, nous exigeons un re\u00e7u ou une preuve d&#8217;achat.<br>Ne retournez pas votre achat au fabricant.<\/p>\n\n\n\n<p>Dans certains cas, seuls des remboursements partiels sont accord\u00e9s&nbsp;: (le cas \u00e9ch\u00e9ant)<br>*&nbsp;Livres montrant des signes d&#8217;utilisation \u00e9vidents<br>*&nbsp;CD, DVD, cassettes VHS, logiciels, jeux vid\u00e9o, cassettes audio ou disques en vinyle ayant \u00e9t\u00e9 ouverts.<br>*&nbsp;Tout article qui n&#8217;est pas dans son \u00e9tat d&#8217;origine, qui est endommag\u00e9 ou auquel il manque des pi\u00e8ces pour une raison non due \u00e0 une erreur de notre part.<br>*&nbsp;Tout article retourn\u00e9 plus de 30&nbsp;jours apr\u00e8s sa livraison<br>Remboursements (le cas \u00e9ch\u00e9ant)<br>Une fois votre retour re\u00e7u et inspect\u00e9, nous vous adresserons un e-mail pour vous indiquer que nous avons re\u00e7u l&#8217;article retourn\u00e9. Nous vous pr\u00e9ciserons \u00e9galement si votre remboursement est approuv\u00e9 ou refus\u00e9.<br>S&#8217;il est approuv\u00e9, votre remboursement est alors trait\u00e9 et votre carte de cr\u00e9dit ou moyen de paiement initial se voit cr\u00e9dit\u00e9(e) automatiquement dans un d\u00e9lai de quelques jours.<\/p>\n\n\n\n<p>Remboursements retard\u00e9s ou manquants (le cas \u00e9ch\u00e9ant)<br>Si vous n&#8217;avez pas encore re\u00e7u de remboursement, rev\u00e9rifiez d&#8217;abord votre compte bancaire.<br>Puis contactez la soci\u00e9t\u00e9 \u00e9mettrice de votre carte de cr\u00e9dit, car il se peut que l&#8217;affichage officiel de votre remboursement prenne un peu de temps.<br>Ensuite, contactez votre banque. L&#8217;affichage d&#8217;un remboursement est souvent pr\u00e9c\u00e9d\u00e9 d&#8217;un d\u00e9lai de traitement.<br>Si vous avez effectu\u00e9 toutes ces d\u00e9marches et que vous n&#8217;avez toujours pas re\u00e7u votre remboursement, contactez-nous \u00e0 l&#8217;adresse suivante&nbsp;: cybersat06@gmail.com.<br>Articles sold\u00e9s ou en promotion (le cas \u00e9ch\u00e9ant)<br>Seuls les articles \u00e0 prix normal sont remboursables. Malheureusement, les articles sold\u00e9s ou en promotion ne le sont pas.<\/p>\n\n\n\n<p>\u00c9changes (le cas \u00e9ch\u00e9ant)<br>Nous ne rempla\u00e7ons que les articles initialement d\u00e9fectueux ou endommag\u00e9s. Si vous devez remplacer le v\u00f4tre par le m\u00eame article, adressez-nous un e-mail \u00e0 cybersat06@gmail.com et envoyez votre article \u00e0&nbsp;: 30 N Gould St Ste R Sheridan, WY , 82801, Alg\u00e9rie.<\/p>\n\n\n\n<p>Cadeaux<br>Si l&#8217;article a \u00e9t\u00e9 marqu\u00e9 comme cadeau au moment de l&#8217;achat et s&#8217;il vous a \u00e9t\u00e9 exp\u00e9di\u00e9 directement, vous recevrez un cr\u00e9dit cadeau d&#8217;une valeur \u00e9quivalente \u00e0 celle de l&#8217;article retourn\u00e9. Une fois l&#8217;article retourn\u00e9 re\u00e7u, un bon cadeau vous sera envoy\u00e9 par voie postale.<\/p>\n\n\n\n<p>Si l&#8217;article n&#8217;a pas \u00e9t\u00e9 marqu\u00e9 comme cadeau au moment de l&#8217;achat, ou si la personne \u00e0 l&#8217;origine du cadeau s&#8217;est fait envoyer la commande dans le but de vous la remettre plus tard, c&#8217;est \u00e0 elle que nous adresserons le remboursement et elle saura donc que vous avez retourn\u00e9 son cadeau.<br>Exp\u00e9dition<br>Pour retourner votre produit, vous devez l&#8217;envoyer \u00e0 l&#8217;adresse postale suivante&nbsp;: 30 N Gould St Ste R Sheridan, WY , 82801, Alg\u00e9rie.<\/p>\n\n\n\n<p>Les co\u00fbts d&#8217;exp\u00e9dition li\u00e9s au retour de votre article sont \u00e0 votre charge. Ils ne sont pas remboursables. Si vous recevez un remboursement, le co\u00fbt d&#8217;exp\u00e9dition du retour en sera d\u00e9duit.<\/p>\n\n\n\n<p>Selon l&#8217;endroit o\u00f9 vous vivez, le d\u00e9lai de r\u00e9ception de votre produit \u00e9chang\u00e9 peut varier.<\/p>\n\n\n\n<p>Si vous exp\u00e9diez un article d&#8217;une valeur sup\u00e9rieure \u00e0 75&nbsp;\u20ac, nous vous recommandons d&#8217;utiliser un service de suivi d&#8217;exp\u00e9dition ou de faire assurer votre envoi. Nous ne garantissons pas que nous recevrons l&#8217;article retourn\u00e9.<\/p>\n","protected":false},"excerpt":{"rendered":"<p>RETOURS Notre politique dure 30&nbsp;jours. Si plus de 30&nbsp;jours se sont \u00e9coul\u00e9s depuis votre achat, nous ne pouvons malheureusement offrir ni remboursement ni \u00e9change. Pour pouvoir \u00eatre retourn\u00e9, votre article doit \u00eatre inutilis\u00e9 et dans l&#8217;\u00e9tat o\u00f9 vous l&#8217;avez re\u00e7u. Il doit aussi \u00eatre dans son emballage d&#8217;origine. Le retour de certains types de marchandises [&hellip;]<\/p>\n","protected":false},"author":1,"featured_media":0,"parent":0,"menu_order":0,"comment_status":"closed","ping_status":"closed","template":"","meta":{"footnotes":""},"jetpack_sharing_enabled":true,"_links":{"self":[{"href":"https:\/\/mybestbox.shop\/index.php\/wp-json\/wp\/v2\/pages\/1169"}],"collection":[{"href":"https:\/\/mybestbox.shop\/index.php\/wp-json\/wp\/v2\/pages"}],"about":[{"href":"https:\/\/mybestbox.shop\/index.php\/wp-json\/wp\/v2\/types\/page"}],"author":[{"embeddable":true,"href":"https:\/\/mybestbox.shop\/index.php\/wp-json\/wp\/v2\/users\/1"}],"replies":[{"embeddable":true,"href":"https:\/\/mybestbox.shop\/index.php\/wp-json\/wp\/v2\/comments?post=1169"}],"version-history":[{"count":1,"href":"https:\/\/mybestbox.shop\/index.php\/wp-json\/wp\/v2\/pages\/1169\/revisions"}],"predecessor-version":[{"id":1170,"href":"https:\/\/mybestbox.shop\/index.php\/wp-json\/wp\/v2\/pages\/1169\/revisions\/1170"}],"wp:attachment":[{"href":"https:\/\/mybestbox.shop\/index.php\/wp-json\/wp\/v2\/media?parent=1169"}],"curies":[{"name":"wp","href":"https:\/\/api.w.org\/{rel}","templated":true}]}}